{"id":3398,"date":"2024-01-25T12:18:46","date_gmt":"2024-01-25T11:18:46","guid":{"rendered":"https:\/\/floreview.com\/registratie\/"},"modified":"2024-02-27T17:51:06","modified_gmt":"2024-02-27T16:51:06","slug":"senregistrer","status":"publish","type":"page","link":"https:\/\/floreview.com\/fr\/senregistrer\/","title":{"rendered":"S&rsquo;enregistrer"},"content":{"rendered":"\t<div class='user-registration ur-frontend-form   ' id='user-registration-form-465'>\n\t\t\t\t\t\t\t\t<form method='post' class='register' data-form-id=\"465\"\n\t\t\t\tdata-enable-strength-password=\"\" data-minimum-password-strength=\"3\"\n\t\t\t\t\t\t\t\t\t\t\t\t\t\t\t data-captcha-enabled=\"1\">\n\n\t\t\t\t<div class=\"ur-form-row\" data-row-id=\"2\">\t\t\t\t\t\t\t<div class=\"ur-form-grid ur-grid-1\"\n\t\t\t\t\t\t\t\tstyle=\"width:48%\">\n\t\t\t\t\t\t\t\t\t\t\t\t\t\t\t\t<div  data-field-id=\"first_name\" class=\"ur-field-item field-first_name \" data-ref-id=\"first_name\" data-field-pattern-enabled=\"0\" data-field-pattern-value=\" \" data-field-pattern-message=\" \">\n\t\t\t\t\t\t\t\t\t\t<div class=\"form-row validate-required\" id=\"first_name_field\" data-priority=\"\" ><label for=\"first_name\" class=\"ur-label\">Pr\u00e9nom <abbr class=\"required\" title=\"required\">*<\/abbr><\/label> <span class=\"input-wrapper\"> <input  data-rules=\"\" data-id=\"first_name\" type=\"text\" class=\"input-text   input-text ur-frontend-field  \" name=\"first_name\" id=\"first_name\" placeholder=\"\"  value=\"\" required=\"required\" data-label=\"Pr\u00e9nom\" \/> <\/span> <\/div>\t\t\t\t\t\t\t\t\t<\/div>\n\t\t\t\t\t\t\t\t\t\t\t\t\t\t\t\t<\/div>\n\t\t\t\t\t\t\t\t\t\t\t\t\t\t<div class=\"ur-form-grid ur-grid-2\"\n\t\t\t\t\t\t\t\tstyle=\"width:48%\">\n\t\t\t\t\t\t\t\t\t\t\t\t\t\t\t\t<div  data-field-id=\"last_name\" class=\"ur-field-item field-last_name \" data-ref-id=\"last_name\" data-field-pattern-enabled=\"0\" data-field-pattern-value=\" \" data-field-pattern-message=\" \">\n\t\t\t\t\t\t\t\t\t\t<div class=\"form-row validate-required\" id=\"last_name_field\" data-priority=\"\" ><label for=\"last_name\" class=\"ur-label\">Nom <abbr class=\"required\" title=\"required\">*<\/abbr><\/label> <span class=\"input-wrapper\"> <input  data-rules=\"\" data-id=\"last_name\" type=\"text\" class=\"input-text   input-text ur-frontend-field  \" name=\"last_name\" id=\"last_name\" placeholder=\"\"  value=\"\" required=\"required\" data-label=\"Nom\" \/> <\/span> <\/div>\t\t\t\t\t\t\t\t\t<\/div>\n\t\t\t\t\t\t\t\t\t\t\t\t\t\t\t\t<\/div>\n\t\t\t\t\t\t\t\t\t\t\t\t\t<\/div>\n\t\t\t\t\t\t<div class=\"ur-form-row\" data-row-id=\"1\">\t\t\t\t\t\t\t<div class=\"ur-form-grid ur-grid-1\"\n\t\t\t\t\t\t\t\tstyle=\"width:48%\">\n\t\t\t\t\t\t\t\t\t\t\t\t\t\t\t\t<div  data-field-id=\"user_login\" class=\"ur-field-item field-user_login \" data-ref-id=\"user_login\" data-field-pattern-enabled=\"0\" data-field-pattern-value=\" \" data-field-pattern-message=\" \">\n\t\t\t\t\t\t\t\t\t\t<div class=\"form-row validate-required\" id=\"user_login_field\" data-priority=\"\" ><label for=\"user_login\" class=\"ur-label\">Nom d'utilisateur <abbr class=\"required\" title=\"required\">*<\/abbr><\/label> <span class=\"input-wrapper\"> <input  data-rules=\"\" data-id=\"user_login\" type=\"text\" class=\"input-text   input-text ur-frontend-field  \" name=\"user_login\" id=\"user_login\" placeholder=\"\"  value=\"\" required=\"required\" data-label=\"Nom d&#039;utilisateur\" data-username-character=\"1\"\/> <\/span> <\/div>\t\t\t\t\t\t\t\t\t<\/div>\n\t\t\t\t\t\t\t\t\t\t\t\t\t\t\t\t<\/div>\n\t\t\t\t\t\t\t\t\t\t\t\t\t\t<div class=\"ur-form-grid ur-grid-2\"\n\t\t\t\t\t\t\t\tstyle=\"width:48%\">\n\t\t\t\t\t\t\t\t\t\t\t\t\t\t\t\t<div  data-field-id=\"user_email\" class=\"ur-field-item field-user_email \" data-ref-id=\"user_email\" data-field-pattern-enabled=\"0\" data-field-pattern-value=\" \" data-field-pattern-message=\" \">\n\t\t\t\t\t\t\t\t\t\t<div class=\"form-row validate-required\" id=\"user_email_field\" data-priority=\"\" ><label for=\"user_email\" class=\"ur-label\">Email <abbr class=\"required\" title=\"required\">*<\/abbr><\/label> <span class=\"input-wrapper\"> <input  data-rules=\"\" data-id=\"user_email\" type=\"email\" class=\"input-text   input-email ur-frontend-field  \" name=\"user_email\" id=\"user_email\" placeholder=\"\"  value=\"\" required=\"required\" data-label=\"Email\" \/> <\/span> <\/div>\t\t\t\t\t\t\t\t\t<\/div>\n\t\t\t\t\t\t\t\t\t\t\t\t\t\t\t\t<\/div>\n\t\t\t\t\t\t\t\t\t\t\t\t\t<\/div>\n\t\t\t\t\t\t<div class=\"ur-form-row\" data-row-id=\"1\">\t\t\t\t\t\t\t<div class=\"ur-form-grid ur-grid-1\"\n\t\t\t\t\t\t\t\tstyle=\"width:48%\">\n\t\t\t\t\t\t\t\t\t\t\t\t\t\t\t\t<div  data-field-id=\"user_pass\" class=\"ur-field-item field-user_pass \" data-ref-id=\"user_pass\" data-field-pattern-enabled=\"0\" data-field-pattern-value=\" \" data-field-pattern-message=\" \">\n\t\t\t\t\t\t\t\t\t\t<div class=\"form-row validate-required hide_show_password\" id=\"user_pass_field\" data-priority=\"\"><label for=\"user_pass\" class=\"ur-label\">Mot de passe <abbr class=\"required\" title=\"required\">*<\/abbr><\/label> <span class=\"input-wrapper\"> <span class=\"password-input-group input-form-field-icons\"><input data-rules=\"\" data-id=\"user_pass\" type=\"password\" class=\"input-text  input-password ur-frontend-field  \" name=\"user_pass\" id=\"user_pass\" placeholder=\"\"  value=\"\" required=\"required\" data-label=\"Mot de passe\" \/><a href=\"javaScript:void(0)\" class=\"password_preview dashicons dashicons-hidden\" title=\" Show password \"><\/a><\/span> <\/span> <\/div>\t\t\t\t\t\t\t\t\t<\/div>\n\t\t\t\t\t\t\t\t\t\t\t\t\t\t\t\t\t\t<div  data-field-id=\"user_confirm_password\" class=\"ur-field-item field-user_confirm_password \" data-ref-id=\"user_confirm_password\" data-field-pattern-enabled=\"0\" data-field-pattern-value=\" \" data-field-pattern-message=\" \">\n\t\t\t\t\t\t\t\t\t\t<div class=\"form-row validate-required hide_show_password\" id=\"user_confirm_password_field\" data-priority=\"\"><label for=\"user_confirm_password\" class=\"ur-label\">Confirmez votre mot de passe <abbr class=\"required\" title=\"required\">*<\/abbr><\/label> <span class=\"input-wrapper\"> <span class=\"password-input-group input-form-field-icons\"><input data-rules=\"\" data-id=\"user_confirm_password\" type=\"password\" class=\"input-text  input-password ur-frontend-field  \" name=\"user_confirm_password\" id=\"user_confirm_password\" placeholder=\"\"  value=\"\" required=\"required\" data-label=\"Confirmez votre mot de passe\" \/><a href=\"javaScript:void(0)\" class=\"password_preview dashicons dashicons-hidden\" title=\" Show password \"><\/a><\/span> <\/span> <\/div>\t\t\t\t\t\t\t\t\t<\/div>\n\t\t\t\t\t\t\t\t\t\t\t\t\t\t\t\t<\/div>\n\t\t\t\t\t\t\t\t\t\t\t\t\t\t<div class=\"ur-form-grid ur-grid-2\"\n\t\t\t\t\t\t\t\tstyle=\"width:48%\">\n\t\t\t\t\t\t\t\t\t\t\t\t\t\t\t\t<div  data-field-id=\"user_phone\" class=\"ur-field-item field-text \" data-ref-id=\"user_phone\" data-field-pattern-enabled=\"0\" data-field-pattern-value=\" \" data-field-pattern-message=\" \">\n\t\t\t\t\t\t\t\t\t\t<div class=\"form-row \" id=\"user_phone_field\" data-priority=\"\" ><label for=\"user_phone\" class=\"ur-label\">Num\u00e9ro de t\u00e9l\u00e9phone<\/label> <span class=\"input-wrapper\"> <input  data-rules=\"\" data-id=\"user_phone\" type=\"text\" class=\"input-text   input-text ur-frontend-field  \" name=\"user_phone\" id=\"user_phone\" placeholder=\"\"  value=\"\" data-label=\"Num\u00e9ro de t\u00e9l\u00e9phone\" \/> <\/span> <\/div>\t\t\t\t\t\t\t\t\t<\/div>\n\t\t\t\t\t\t\t\t\t\t\t\t\t\t\t\t<\/div>\n\t\t\t\t\t\t\t\t\t\t\t\t\t<\/div>\n\t\t\t\t\t\t<div class=\"ur-form-row\" data-row-id=\"3\">\t\t\t\t\t\t\t<div class=\"ur-form-grid ur-grid-1\"\n\t\t\t\t\t\t\t\tstyle=\"width:48%\">\n\t\t\t\t\t\t\t\t\t\t\t\t\t\t\t\t<div  data-field-id=\"user_street_nr\" class=\"ur-field-item field-text \" data-ref-id=\"user_street_nr\" data-field-pattern-enabled=\"0\" data-field-pattern-value=\" \" data-field-pattern-message=\" \">\n\t\t\t\t\t\t\t\t\t\t<div class=\"form-row \" id=\"user_street_nr_field\" data-priority=\"\" ><label for=\"user_street_nr\" class=\"ur-label\">Rue + num\u00e9ro<\/label> <span class=\"input-wrapper\"> <input  data-rules=\"\" data-id=\"user_street_nr\" type=\"text\" class=\"input-text   input-text ur-frontend-field  \" name=\"user_street_nr\" id=\"user_street_nr\" placeholder=\"\"  value=\"\" data-label=\"Rue + num\u00e9ro\" \/> <\/span> <\/div>\t\t\t\t\t\t\t\t\t<\/div>\n\t\t\t\t\t\t\t\t\t\t\t\t\t\t\t\t\t\t<div  data-field-id=\"user_city\" class=\"ur-field-item field-text \" data-ref-id=\"user_city\" data-field-pattern-enabled=\"0\" data-field-pattern-value=\" \" data-field-pattern-message=\" \">\n\t\t\t\t\t\t\t\t\t\t<div class=\"form-row \" id=\"user_city_field\" data-priority=\"\" ><label for=\"user_city\" class=\"ur-label\">Ville<\/label> <span class=\"input-wrapper\"> <input  data-rules=\"\" data-id=\"user_city\" type=\"text\" class=\"input-text   input-text ur-frontend-field  \" name=\"user_city\" id=\"user_city\" placeholder=\"\"  value=\"\" data-label=\"Ville\" \/> <\/span> <\/div>\t\t\t\t\t\t\t\t\t<\/div>\n\t\t\t\t\t\t\t\t\t\t\t\t\t\t\t\t<\/div>\n\t\t\t\t\t\t\t\t\t\t\t\t\t\t<div class=\"ur-form-grid ur-grid-2\"\n\t\t\t\t\t\t\t\tstyle=\"width:48%\">\n\t\t\t\t\t\t\t\t\t\t\t\t\t\t\t\t<div  data-field-id=\"user_postalcode\" class=\"ur-field-item field-text \" data-ref-id=\"user_postalcode\" data-field-pattern-enabled=\"0\" data-field-pattern-value=\" \" data-field-pattern-message=\" \">\n\t\t\t\t\t\t\t\t\t\t<div class=\"form-row \" id=\"user_postalcode_field\" data-priority=\"\" ><label for=\"user_postalcode\" class=\"ur-label\">Code postal<\/label> <span class=\"input-wrapper\"> <input  data-rules=\"\" data-id=\"user_postalcode\" type=\"text\" class=\"input-text   input-text ur-frontend-field  \" name=\"user_postalcode\" id=\"user_postalcode\" placeholder=\"\"  value=\"\" data-label=\"Code postal\" \/> <\/span> <\/div>\t\t\t\t\t\t\t\t\t<\/div>\n\t\t\t\t\t\t\t\t\t\t\t\t\t\t\t\t\t\t<div  data-field-id=\"user_country\" class=\"ur-field-item field-country \" data-ref-id=\"user_country\" data-field-pattern-enabled=\"0\" data-field-pattern-value=\" \" data-field-pattern-message=\" \">\n\t\t\t\t\t\t\t\t\t\t<div class=\"form-row \" id=\"user_country_field\" data-priority=\"\" ><label for=\"user_country\" class=\"ur-label\">Pays<\/label><select data-rules=\"\" data-id=\"user_country\" name=\"user_country\" id=\"user_country\" class=\"ur-field-address-country select ur-frontend-field  \" data-label=\"Pays\" data-default=\"BE\" data-allow_clear=\"true\" data-placeholder=\"\" data-state-enabled=\"\">\n\t\t\t\t\t<option value=\"BE\"  selected='selected'>Belgium<\/option><option value=\"FR\" >France<\/option><option value=\"LU\" >Luxembourg<\/option><option value=\"NL\" >Netherlands<\/option>\n\t\t\t\t\t<\/select><\/div>\t\t\t\t\t\t\t\t\t<\/div>\n\t\t\t\t\t\t\t\t\t\t\t\t\t\t\t\t<\/div>\n\t\t\t\t\t\t\t\t\t\t\t\t\t<\/div>\n\t\t\t\t\t\t<div class=\"ur-form-row\" data-row-id=\"4\">\t\t\t\t\t\t\t<div class=\"ur-form-grid ur-grid-1\"\n\t\t\t\t\t\t\t\tstyle=\"width:48%\">\n\t\t\t\t\t\t\t\t\t\t\t\t\t\t\t\t<div  data-field-id=\"user_companyname\" class=\"ur-field-item field-text \" data-ref-id=\"user_companyname\" data-field-pattern-enabled=\"0\" data-field-pattern-value=\" \" data-field-pattern-message=\" \">\n\t\t\t\t\t\t\t\t\t\t<div class=\"form-row \" id=\"user_companyname_field\" data-priority=\"\" ><label for=\"user_companyname\" class=\"ur-label\">nom d'entreprise<\/label> <span class=\"input-wrapper\"> <input  data-rules=\"\" data-id=\"user_companyname\" type=\"text\" class=\"input-text   input-text ur-frontend-field  \" name=\"user_companyname\" id=\"user_companyname\" placeholder=\"\"  value=\"\" data-label=\"nom d&#039;entreprise\" \/> <\/span> <\/div>\t\t\t\t\t\t\t\t\t<\/div>\n\t\t\t\t\t\t\t\t\t\t\t\t\t\t\t\t<\/div>\n\t\t\t\t\t\t\t\t\t\t\t\t\t\t<div class=\"ur-form-grid ur-grid-2\"\n\t\t\t\t\t\t\t\tstyle=\"width:48%\">\n\t\t\t\t\t\t\t\t\t\t\t\t\t\t\t\t<div  data-field-id=\"user_companyvat\" class=\"ur-field-item field-text \" data-ref-id=\"user_companyvat\" data-field-pattern-enabled=\"0\" data-field-pattern-value=\" \" data-field-pattern-message=\" \">\n\t\t\t\t\t\t\t\t\t\t<div class=\"form-row \" id=\"user_companyvat_field\" data-priority=\"\" ><label for=\"user_companyvat\" class=\"ur-label\">num\u00e9ro de TVA<\/label> <span class=\"input-wrapper\"> <input  data-rules=\"\" data-id=\"user_companyvat\" type=\"text\" class=\"input-text   input-text ur-frontend-field  \" name=\"user_companyvat\" id=\"user_companyvat\" placeholder=\"\"  value=\"\" data-label=\"num\u00e9ro de TVA\" \/> <\/span> <\/div>\t\t\t\t\t\t\t\t\t<\/div>\n\t\t\t\t\t\t\t\t\t\t\t\t\t\t\t\t<\/div>\n\t\t\t\t\t\t\t\t\t\t\t\t\t<\/div>\n\t\t\t\t\t\t\t\t\t\t\t\t<div id=\"ur-recaptcha-node\"> <div id=\"node_recaptcha_register\" class=\"g-recaptcha-v3\" style=\"display:none\"><textarea id=\"g-recaptcha-response\" name=\"g-recaptcha-response\" ><\/textarea><\/div><\/div>\t\t\t\t\t\t<div class=\"ur-button-container \" >\n\t\t\t\t\t\t\t\t\t\t\t\t\t\t<button type=\"submit\" class=\"btn button ur-submit-button \"  conditional_rules=\"&quot;&quot;\">\n\t\t\t\t\t\t\t\t<span><\/span>\n\t\t\t\t\t\t\t\tS&#039;enregistrer\t\t\t\t\t\t\t<\/button>\n\t\t\t\t\t\t\t\t\t\t\t\t\t\t\t\t\t\t\t\t<\/div>\n\t\t\t\t\t\t\n\t\t\t\t<div style=\"clear:both\"><\/div>\n\t\t\t\t\t\t\t\t<input type=\"hidden\" name=\"ur-registration-language\" value=\"fr\"\/>\n\t\t\t\t<input type=\"hidden\" name=\"ur-user-form-id\" value=\"465\"\/>\n\t\t\t\t<input type=\"hidden\" name=\"ur-redirect-url\" value=\"\/fr\/sabbonner\/\"\/>\n\t\t\t\t<input type=\"hidden\" id=\"ur_frontend_form_nonce\" name=\"ur_frontend_form_nonce\" value=\"7f94ad6ad2\" \/>\n\t\t\t\t\n\t\t\t<\/form>\n\t\t\t\n\t\t<div style=\"clear:both\"><\/div>\n\t<\/div>\n\n\n","protected":false},"excerpt":{"rendered":"","protected":false},"author":1,"featured_media":0,"parent":0,"menu_order":0,"comment_status":"closed","ping_status":"closed","template":"","meta":{"_acf_changed":false,"_et_pb_use_builder":"","_et_pb_old_content":"","_et_gb_content_width":"1080","footnotes":""},"class_list":["post-3398","page","type-page","status-publish","hentry"],"acf":[],"yoast_head":"<!-- This site is optimized with the Yoast SEO plugin v27.0 - https:\/\/yoast.com\/product\/yoast-seo-wordpress\/ -->\n<title>S&#039;enregistrer - Floreview<\/title>\n<meta name=\"robots\" content=\"index, follow, max-snippet:-1, max-image-preview:large, max-video-preview:-1\" \/>\n<link rel=\"canonical\" href=\"https:\/\/floreview.com\/fr\/senregistrer\/\" \/>\n<meta property=\"og:locale\" content=\"fr_FR\" \/>\n<meta property=\"og:type\" content=\"article\" \/>\n<meta property=\"og:title\" content=\"S&#039;enregistrer - Floreview\" \/>\n<meta property=\"og:url\" content=\"https:\/\/floreview.com\/fr\/senregistrer\/\" \/>\n<meta property=\"og:site_name\" content=\"Floreview\" \/>\n<meta property=\"article:modified_time\" content=\"2024-02-27T16:51:06+00:00\" \/>\n<meta name=\"twitter:card\" content=\"summary_large_image\" \/>\n<script type=\"application\/ld+json\" class=\"yoast-schema-graph\">{\"@context\":\"https:\/\/schema.org\",\"@graph\":[{\"@type\":\"WebPage\",\"@id\":\"https:\/\/floreview.com\/fr\/senregistrer\/\",\"url\":\"https:\/\/floreview.com\/fr\/senregistrer\/\",\"name\":\"S'enregistrer - Floreview\",\"isPartOf\":{\"@id\":\"https:\/\/floreview.com\/fr\/#website\"},\"datePublished\":\"2024-01-25T11:18:46+00:00\",\"dateModified\":\"2024-02-27T16:51:06+00:00\",\"breadcrumb\":{\"@id\":\"https:\/\/floreview.com\/fr\/senregistrer\/#breadcrumb\"},\"inLanguage\":\"fr-FR\",\"potentialAction\":[{\"@type\":\"ReadAction\",\"target\":[\"https:\/\/floreview.com\/fr\/senregistrer\/\"]}]},{\"@type\":\"BreadcrumbList\",\"@id\":\"https:\/\/floreview.com\/fr\/senregistrer\/#breadcrumb\",\"itemListElement\":[{\"@type\":\"ListItem\",\"position\":1,\"name\":\"Home\",\"item\":\"https:\/\/floreview.com\/fr\/accueil\/\"},{\"@type\":\"ListItem\",\"position\":2,\"name\":\"S&#8217;enregistrer\"}]},{\"@type\":\"WebSite\",\"@id\":\"https:\/\/floreview.com\/fr\/#website\",\"url\":\"https:\/\/floreview.com\/fr\/\",\"name\":\"Floreview\",\"description\":\"Tout pour un monde merveilleux et fleuri\",\"publisher\":{\"@id\":\"https:\/\/floreview.com\/fr\/#organization\"},\"potentialAction\":[{\"@type\":\"SearchAction\",\"target\":{\"@type\":\"EntryPoint\",\"urlTemplate\":\"https:\/\/floreview.com\/fr\/?s={search_term_string}\"},\"query-input\":{\"@type\":\"PropertyValueSpecification\",\"valueRequired\":true,\"valueName\":\"search_term_string\"}}],\"inLanguage\":\"fr-FR\"},{\"@type\":\"Organization\",\"@id\":\"https:\/\/floreview.com\/fr\/#organization\",\"name\":\"Floreview\",\"url\":\"https:\/\/floreview.com\/fr\/\",\"logo\":{\"@type\":\"ImageObject\",\"inLanguage\":\"fr-FR\",\"@id\":\"https:\/\/floreview.com\/fr\/#\/schema\/logo\/image\/\",\"url\":\"https:\/\/floreview.com\/wp-content\/uploads\/2024\/01\/floreview-logo.png\",\"contentUrl\":\"https:\/\/floreview.com\/wp-content\/uploads\/2024\/01\/floreview-logo.png\",\"width\":346,\"height\":102,\"caption\":\"Floreview\"},\"image\":{\"@id\":\"https:\/\/floreview.com\/fr\/#\/schema\/logo\/image\/\"}}]}<\/script>\n<!-- \/ Yoast SEO plugin. -->","yoast_head_json":{"title":"S'enregistrer - Floreview","robots":{"index":"index","follow":"follow","max-snippet":"max-snippet:-1","max-image-preview":"max-image-preview:large","max-video-preview":"max-video-preview:-1"},"canonical":"https:\/\/floreview.com\/fr\/senregistrer\/","og_locale":"fr_FR","og_type":"article","og_title":"S'enregistrer - Floreview","og_url":"https:\/\/floreview.com\/fr\/senregistrer\/","og_site_name":"Floreview","article_modified_time":"2024-02-27T16:51:06+00:00","twitter_card":"summary_large_image","schema":{"@context":"https:\/\/schema.org","@graph":[{"@type":"WebPage","@id":"https:\/\/floreview.com\/fr\/senregistrer\/","url":"https:\/\/floreview.com\/fr\/senregistrer\/","name":"S'enregistrer - Floreview","isPartOf":{"@id":"https:\/\/floreview.com\/fr\/#website"},"datePublished":"2024-01-25T11:18:46+00:00","dateModified":"2024-02-27T16:51:06+00:00","breadcrumb":{"@id":"https:\/\/floreview.com\/fr\/senregistrer\/#breadcrumb"},"inLanguage":"fr-FR","potentialAction":[{"@type":"ReadAction","target":["https:\/\/floreview.com\/fr\/senregistrer\/"]}]},{"@type":"BreadcrumbList","@id":"https:\/\/floreview.com\/fr\/senregistrer\/#breadcrumb","itemListElement":[{"@type":"ListItem","position":1,"name":"Home","item":"https:\/\/floreview.com\/fr\/accueil\/"},{"@type":"ListItem","position":2,"name":"S&#8217;enregistrer"}]},{"@type":"WebSite","@id":"https:\/\/floreview.com\/fr\/#website","url":"https:\/\/floreview.com\/fr\/","name":"Floreview","description":"Tout pour un monde merveilleux et fleuri","publisher":{"@id":"https:\/\/floreview.com\/fr\/#organization"},"potentialAction":[{"@type":"SearchAction","target":{"@type":"EntryPoint","urlTemplate":"https:\/\/floreview.com\/fr\/?s={search_term_string}"},"query-input":{"@type":"PropertyValueSpecification","valueRequired":true,"valueName":"search_term_string"}}],"inLanguage":"fr-FR"},{"@type":"Organization","@id":"https:\/\/floreview.com\/fr\/#organization","name":"Floreview","url":"https:\/\/floreview.com\/fr\/","logo":{"@type":"ImageObject","inLanguage":"fr-FR","@id":"https:\/\/floreview.com\/fr\/#\/schema\/logo\/image\/","url":"https:\/\/floreview.com\/wp-content\/uploads\/2024\/01\/floreview-logo.png","contentUrl":"https:\/\/floreview.com\/wp-content\/uploads\/2024\/01\/floreview-logo.png","width":346,"height":102,"caption":"Floreview"},"image":{"@id":"https:\/\/floreview.com\/fr\/#\/schema\/logo\/image\/"}}]}},"_links":{"self":[{"href":"https:\/\/floreview.com\/fr\/wp-json\/wp\/v2\/pages\/3398","targetHints":{"allow":["GET"]}}],"collection":[{"href":"https:\/\/floreview.com\/fr\/wp-json\/wp\/v2\/pages"}],"about":[{"href":"https:\/\/floreview.com\/fr\/wp-json\/wp\/v2\/types\/page"}],"author":[{"embeddable":true,"href":"https:\/\/floreview.com\/fr\/wp-json\/wp\/v2\/users\/1"}],"replies":[{"embeddable":true,"href":"https:\/\/floreview.com\/fr\/wp-json\/wp\/v2\/comments?post=3398"}],"version-history":[{"count":2,"href":"https:\/\/floreview.com\/fr\/wp-json\/wp\/v2\/pages\/3398\/revisions"}],"predecessor-version":[{"id":3401,"href":"https:\/\/floreview.com\/fr\/wp-json\/wp\/v2\/pages\/3398\/revisions\/3401"}],"wp:attachment":[{"href":"https:\/\/floreview.com\/fr\/wp-json\/wp\/v2\/media?parent=3398"}],"curies":[{"name":"wp","href":"https:\/\/api.w.org\/{rel}","templated":true}]}}