{"id":4121,"date":"2024-02-02T15:55:19","date_gmt":"2024-02-02T14:55:19","guid":{"rendered":"https:\/\/floreview.com\/?page_id=4121"},"modified":"2024-03-06T17:59:58","modified_gmt":"2024-03-06T16:59:58","slug":"cours","status":"publish","type":"page","link":"https:\/\/floreview.com\/fr\/cours\/","title":{"rendered":"Cours"},"content":{"rendered":"<p>[et_pb_section fb_built=\u00a0\u00bb1&Prime; _builder_version=\u00a0\u00bb4.24.0&Prime; _module_preset=\u00a0\u00bbdefault\u00a0\u00bb custom_padding=\u00a0\u00bb||||false|false\u00a0\u00bb global_colors_info=\u00a0\u00bb{}\u00a0\u00bb][et_pb_row _builder_version=\u00a0\u00bb4.24.0&Prime; _module_preset=\u00a0\u00bbdefault\u00a0\u00bb custom_padding=\u00a0\u00bb0px|||||\u00a0\u00bb global_colors_info=\u00a0\u00bb{}\u00a0\u00bb][et_pb_column type=\u00a0\u00bb4_4&Prime; _builder_version=\u00a0\u00bb4.24.0&Prime; _module_preset=\u00a0\u00bbdefault\u00a0\u00bb global_colors_info=\u00a0\u00bb{}\u00a0\u00bb][et_pb_text _builder_version=\u00a0\u00bb4.24.2&Prime; _module_preset=\u00a0\u00bbdefault\u00a0\u00bb hover_enabled=\u00a0\u00bb0&Prime; global_colors_info=\u00a0\u00bb{}\u00a0\u00bb sticky_enabled=\u00a0\u00bb0&Prime;]<\/p>\n<h1>Cours<\/h1>\n<p>[\/et_pb_text][et_pb_text _builder_version=\u00a0\u00bb4.24.2&Prime; _module_preset=\u00a0\u00bbdefault\u00a0\u00bb hover_enabled=\u00a0\u00bb0&Prime; global_colors_info=\u00a0\u00bb{}\u00a0\u00bb sticky_enabled=\u00a0\u00bb0&Prime;]<\/p>\n<p>D\u00e9couvrez ici les processus de cr\u00e9ation et les techniques florales, ou red\u00e9couvrez-les sous un nouvel angle. \u00c0 travers des photos, des vid\u00e9os ou des podcasts, nous vous partageons le savoir-faire \u00a0et vous invitons \u00e0 exp\u00e9rimenter les processus de cr\u00e9ation et les diff\u00e9rentes techniques.<\/p>\n<p>Les cours sont \u00e9labor\u00e9s en collaboration avec les designers de Florademy vzw, Flower Art Academy GmbH et Floos.<\/p>\n<p>[\/et_pb_text][\/et_pb_column][\/et_pb_row][et_pb_row _builder_version=\u00a0\u00bb4.24.0&Prime; _module_preset=\u00a0\u00bbdefault\u00a0\u00bb global_colors_info=\u00a0\u00bb{}\u00a0\u00bb][et_pb_column type=\u00a0\u00bb4_4&Prime; _builder_version=\u00a0\u00bb4.24.0&Prime; _module_preset=\u00a0\u00bbdefault\u00a0\u00bb global_colors_info=\u00a0\u00bb{}\u00a0\u00bb][et_pb_text _builder_version=\u00a0\u00bb4.24.1&Prime; _module_preset=\u00a0\u00bbdefault\u00a0\u00bb global_colors_info=\u00a0\u00bb{}\u00a0\u00bb]<div class='lesson-grid-filters floreview-grid-filters'><input type='hidden' id='filtered-values' name='filtered-values' value='' \/><div class='lesson-grid-filter floreview-grid-filter'><label for='lesson_educationgoal'>Principe de formation<\/label><select name='lesson_educationgoal' id='filter-lesson_educationgoal' class='filter-multiselect' multiple><option value='agrafer'>agrafer<\/option><option value='coller'>coller<\/option><option value='couper'>couper<\/option><option value='empiler'>empiler<\/option><option value='enfiler'>enfiler<\/option><option value='enrouler'>enrouler<\/option><option value='entasser'>entasser<\/option><option value='epingler'>\u00e9pingler<\/option><option value='lier'>lier<\/option><option value='ligaturer'>ligaturer<\/option><option value='nouer'>nouer<\/option><option value='poser'>poser<\/option><option value='principe-dessai'>principe d'essai<\/option><option value='tisser'>tisser<\/option><\/select><\/div><div class='lesson-grid-filter floreview-grid-filter'><label for='lesson_lines'>Ligne<\/label><select name='lesson_lines' id='filter-lesson_lines' class='filter-multiselect' multiple><option value='ligne-test'>ligne test<\/option><option value='lignes-diagonales'>lignes diagonales<\/option><\/select><\/div><div class='lesson-grid-filter floreview-grid-filter'><label for='lesson_deco'>D\u00e9coratif - V\u00e9g\u00e9tatif<\/label><select name='lesson_deco' id='filter-lesson_deco' class='filter-multiselect' multiple><\/select><\/div><div class='lesson-grid-filter floreview-grid-filter'><label for='lesson_colortheory'>Colorim\u00e9trie<\/label><select name='lesson_colortheory' id='filter-lesson_colortheory' class='filter-multiselect' multiple><\/select><\/div><div class='lesson-grid-filter floreview-grid-filter'><label for='lesson_ratio'>Proportions<\/label><select name='lesson_ratio' id='filter-lesson_ratio' class='filter-multiselect' multiple><\/select><\/div><div class='lesson-grid-filter floreview-grid-filter'><label for='lesson_composition'>Composition<\/label><select name='lesson_composition' id='filter-lesson_composition' class='filter-multiselect' multiple><\/select><\/div><div class='lesson-grid-filter floreview-grid-filter'><label for='lesson_type'>Type<\/label><select name='lesson_type' id='filter-lesson_type' class='filter-multiselect' multiple><option value='gallerie-photos'>Gallerie photos<\/option><option value='presentation'>Pr\u00e9sentation<\/option><option value='video-fr'>Video<\/option><\/select><\/div><div class='lesson-grid-filter floreview-grid-filter'><label for='lesson-search'>Recherche par titre<\/label><input name='lesson-search' id='filter-search' class='filter-search'><\/div><\/div><div class='reset-filters'><i class='fa-regular fa-xmark'><\/i> R\u00e9initialiser les filtres<\/div><div class='lesson-grid floreview-grid'><div class='lesson-grid-item grid-item lesson_educationgoal-agrafer      lesson_type-gallerie-photos lesson_type-video-fr'><a href ='https:\/\/floreview.com\/fr\/lesson\/agrafer-tulipes-enlacees-par-les-branches-de-salix-design-soren-van-laer\/'><div class='lesson-item-fimg grid-item-fimg'><img loading=\"lazy\" decoding=\"async\" width=\"225\" height=\"300\" src=\"https:\/\/floreview.com\/wp-content\/uploads\/2025\/03\/Bloemen_Floreview_020-225x300.jpg\" class=\"attachment-medium size-medium wp-post-image\" alt=\"\" \/><\/div><div class='lesson-item-title  grid-item-title'><h4>Agrafer Tulipes enlac\u00e9es par les branches de Salix - Design S\u00f6ren Van Laer - Video @Lenzer<\/h4><\/div><div class='lesson-item-descr  grid-item-descr'><p>Gallerie photos Video <\/p><\/div><\/a><\/div><div class='lesson-grid-item grid-item lesson_educationgoal-couper lesson_educationgoal-enrouler      lesson_type-gallerie-photos lesson_type-video-fr'><a href ='https:\/\/floreview.com\/fr\/lesson\/bouquet-de-mariee-enrouler-et-couper\/'><div class='lesson-item-fimg grid-item-fimg'><img loading=\"lazy\" decoding=\"async\" width=\"225\" height=\"300\" src=\"https:\/\/floreview.com\/wp-content\/uploads\/2024\/04\/Bloemen_Floreview_034-225x300.jpg\" class=\"attachment-medium size-medium wp-post-image\" alt=\"\" \/><\/div><div class='lesson-item-title  grid-item-title'><h4>Bouquet de mari\u00e9e - enrouler et couper<\/h4><\/div><div class='lesson-item-descr  grid-item-descr'><p>Gallerie photos Video <\/p><\/div><\/a><\/div><div class='lesson-grid-item grid-item lesson_educationgoal-enfiler      lesson_type-gallerie-photos lesson_type-video-fr'><a href ='https:\/\/floreview.com\/fr\/lesson\/bouquet-tendance-enfiler\/'><div class='lesson-item-fimg grid-item-fimg'><img loading=\"lazy\" decoding=\"async\" width=\"225\" height=\"300\" src=\"https:\/\/floreview.com\/wp-content\/uploads\/2024\/04\/Bloemen_Floreview_049-225x300.jpg\" class=\"attachment-medium size-medium wp-post-image\" alt=\"\" \/><\/div><div class='lesson-item-title  grid-item-title'><h4>Bouquet tendance : enfiler<\/h4><\/div><div class='lesson-item-descr  grid-item-descr'><p>Gallerie photos Video <\/p><\/div><\/a><\/div><div class='lesson-grid-item grid-item  lesson_lines-lignes-diagonales     lesson_type-gallerie-photos'><a href ='https:\/\/floreview.com\/fr\/lesson\/choyee-entre-des-chatons-dans-un-agencement-diagonal-et-parallele\/'><div class='lesson-item-fimg grid-item-fimg'><img loading=\"lazy\" decoding=\"async\" width=\"225\" height=\"300\" src=\"https:\/\/floreview.com\/wp-content\/uploads\/2024\/02\/An-Theunynck-bloemstukken_026-225x300.jpg\" class=\"attachment-medium size-medium wp-post-image\" alt=\"\" \/><\/div><div class='lesson-item-title  grid-item-title'><h4>Choy\u00e9e entre des chatons dans un agencement diagonal et parall\u00e8le.<\/h4><\/div><div class='lesson-item-descr  grid-item-descr'><p>Gallerie photos <\/p><\/div><\/a><\/div><div class='lesson-grid-item grid-item lesson_educationgoal-tisser      lesson_type-gallerie-photos lesson_type-video-fr'><a href ='https:\/\/floreview.com\/fr\/lesson\/coeur-fleuri-tisser\/'><div class='lesson-item-fimg grid-item-fimg'><img loading=\"lazy\" decoding=\"async\" width=\"300\" height=\"225\" src=\"https:\/\/floreview.com\/wp-content\/uploads\/2024\/04\/Bloemen_Floreview_037-300x225.jpg\" class=\"attachment-medium size-medium wp-post-image\" alt=\"\" \/><\/div><div class='lesson-item-title  grid-item-title'><h4>Coeur fleuri : tisser<\/h4><\/div><div class='lesson-item-descr  grid-item-descr'><p>Gallerie photos Video <\/p><\/div><\/a><\/div><div class='lesson-grid-item grid-item lesson_educationgoal-coller      lesson_type-gallerie-photos'><a href ='https:\/\/floreview.com\/fr\/lesson\/coller-bol-de-mimosa-design-tiina-koskinen\/'><div class='lesson-item-fimg grid-item-fimg'><img loading=\"lazy\" decoding=\"async\" width=\"300\" height=\"219\" src=\"https:\/\/floreview.com\/wp-content\/uploads\/2025\/03\/Capture-decran-2025-03-11-a-16.02.55-300x219.png\" class=\"attachment-medium size-medium wp-post-image\" alt=\"\" \/><\/div><div class='lesson-item-title  grid-item-title'><h4>Coller - Bol de Mimosa design Tiina Koskinen<\/h4><\/div><div class='lesson-item-descr  grid-item-descr'><p>Gallerie photos <\/p><\/div><\/a><\/div><div class='lesson-grid-item grid-item lesson_educationgoal-coller lesson_educationgoal-poser      lesson_type-gallerie-photos'><a href ='https:\/\/floreview.com\/fr\/lesson\/coupe-vegetavive-de-buis-poser-et-coller\/'><div class='lesson-item-fimg grid-item-fimg'><img loading=\"lazy\" decoding=\"async\" width=\"300\" height=\"300\" src=\"https:\/\/floreview.com\/wp-content\/uploads\/2024\/04\/2019-Leaves-jpg_AOf_20190705_Leaves_Buxus-00121592774446972-300x300.jpg\" class=\"attachment-medium size-medium wp-post-image\" alt=\"\" \/><\/div><div class='lesson-item-title  grid-item-title'><h4>Coupe v\u00e9g\u00e9tavive de buis - poser et coller<\/h4><\/div><div class='lesson-item-descr  grid-item-descr'><p>Gallerie photos <\/p><\/div><\/a><\/div><div class='lesson-grid-item grid-item lesson_educationgoal-principe-dessai lesson_lines-ligne-test     lesson_type-video-fr'><a href ='https:\/\/floreview.com\/fr\/lesson\/cours-demo\/'><div class='lesson-item-fimg grid-item-fimg'><img loading=\"lazy\" decoding=\"async\" width=\"300\" height=\"200\" src=\"https:\/\/floreview.com\/wp-content\/uploads\/2024\/01\/Soren-Van-Laer_DSC4189-300x200.jpg\" class=\"attachment-medium size-medium wp-post-image\" alt=\"\" \/><\/div><div class='lesson-item-title  grid-item-title'><h4>Cours d\u00e9mo<\/h4><\/div><div class='lesson-item-descr  grid-item-descr'><p>Video <\/p><\/div><\/a><\/div><div class='lesson-grid-item grid-item lesson_educationgoal-lier      lesson_type-gallerie-photos'><a href ='https:\/\/floreview.com\/fr\/lesson\/decoration-de-table-le-principe-de-formation-lier\/'><div class='lesson-item-fimg grid-item-fimg'><img loading=\"lazy\" decoding=\"async\" width=\"300\" height=\"200\" src=\"https:\/\/floreview.com\/wp-content\/uploads\/2024\/02\/Decoration-de-table-FC@H4-Ch.Post_-300x200.jpg\" class=\"attachment-medium size-medium wp-post-image\" alt=\"\" \/><\/div><div class='lesson-item-title  grid-item-title'><h4>D\u00e9coration de table,  le principe de formation : lier<\/h4><\/div><div class='lesson-item-descr  grid-item-descr'><p>Gallerie photos <\/p><\/div><\/a><\/div><div class='lesson-grid-item grid-item lesson_educationgoal-coller lesson_educationgoal-empiler      '><a href ='https:\/\/floreview.com\/fr\/lesson\/empilage-de-feuilles-de-prunus\/'><div class='lesson-item-fimg grid-item-fimg'><img loading=\"lazy\" decoding=\"async\" width=\"300\" height=\"300\" src=\"https:\/\/floreview.com\/wp-content\/uploads\/2024\/04\/2020-Leaves-jpg_AOf_20200229_Leaves_Euonymus-23121592774446999-300x300.jpg\" class=\"attachment-medium size-medium wp-post-image\" alt=\"\" \/><\/div><div class='lesson-item-title  grid-item-title'><h4>Empilage de feuilles de Prunus<\/h4><\/div><\/a><\/div><div class='lesson-grid-item grid-item lesson_educationgoal-empiler lesson_educationgoal-epingler      '><a href ='https:\/\/floreview.com\/fr\/lesson\/arbre-de-cordyline-epingler-et-empiler\/'><div class='lesson-item-fimg grid-item-fimg'><img loading=\"lazy\" decoding=\"async\" width=\"300\" height=\"300\" src=\"https:\/\/floreview.com\/wp-content\/uploads\/2024\/04\/2019-Leaves-jpg_AOf_20190705_Leaves_Cordyline-14671592774446976-300x300.jpg\" class=\"attachment-medium size-medium wp-post-image\" alt=\"\" \/><\/div><div class='lesson-item-title  grid-item-title'><h4>\u00c9pingler et empiler - Arbre de Cordyline - Design Ben Clevers<\/h4><\/div><\/a><\/div><div class='lesson-grid-item grid-item       lesson_type-presentation'><a href ='https:\/\/floreview.com\/fr\/lesson\/etalages-anno-2025-les-principes-de-base-et-les-attentes-du-client-en-2025\/'><div class='lesson-item-fimg grid-item-fimg'><img loading=\"lazy\" decoding=\"async\" width=\"226\" height=\"300\" src=\"https:\/\/floreview.com\/wp-content\/uploads\/2025\/01\/IMG_9693-226x300.png\" class=\"attachment-medium size-medium wp-post-image\" alt=\"\" \/><\/div><div class='lesson-item-title  grid-item-title'><h4>\u00c9talages anno 2025 - les principes de base et les attentes du client en 2025?<\/h4><\/div><div class='lesson-item-descr  grid-item-descr'><p>Pr\u00e9sentation <\/p><\/div><\/a><\/div><div class='lesson-grid-item grid-item lesson_educationgoal-coller lesson_educationgoal-epingler      '><a href ='https:\/\/floreview.com\/fr\/lesson\/feuilles-de-tulipes-sous-les-projecteurs\/'><div class='lesson-item-fimg grid-item-fimg'><img loading=\"lazy\" decoding=\"async\" width=\"300\" height=\"300\" src=\"https:\/\/floreview.com\/wp-content\/uploads\/2024\/04\/2020-Leaves-jpg_AOf_20200201_Tulipa-0278-21592774446995-300x300.jpg\" class=\"attachment-medium size-medium wp-post-image\" alt=\"\" \/><\/div><div class='lesson-item-title  grid-item-title'><h4>Feuilles de tulipe sous les projecteurs - \u00e9pingler et coller (colle froide)<\/h4><\/div><\/a><\/div><div class='lesson-grid-item grid-item  lesson_lines-lignes-diagonales     lesson_type-gallerie-photos'><a href ='https:\/\/floreview.com\/fr\/lesson\/les-anemones-selevent-vers-le-ciel-et-sagencent-en-diagonal\/'><div class='lesson-item-fimg grid-item-fimg'><img loading=\"lazy\" decoding=\"async\" width=\"225\" height=\"300\" src=\"https:\/\/floreview.com\/wp-content\/uploads\/2024\/02\/An-Theunynck-bloemstukken_019-225x300.jpg\" class=\"attachment-medium size-medium wp-post-image\" alt=\"\" \/><\/div><div class='lesson-item-title  grid-item-title'><h4>Les an\u00e9mones s'\u00e9l\u00e8vent vers le ciel et s'agencent en diagonal<\/h4><\/div><div class='lesson-item-descr  grid-item-descr'><p>Gallerie photos <\/p><\/div><\/a><\/div><div class='lesson-grid-item grid-item lesson_educationgoal-ligaturer      '><a href ='https:\/\/floreview.com\/fr\/lesson\/ligaturer-jardin-japonais\/'><div class='lesson-item-fimg grid-item-fimg'><img loading=\"lazy\" decoding=\"async\" width=\"300\" height=\"225\" src=\"https:\/\/floreview.com\/wp-content\/uploads\/2025\/03\/Capture-decran-2025-03-10-a-15.50.58-300x225.png\" class=\"attachment-medium size-medium wp-post-image\" alt=\"\" \/><\/div><div class='lesson-item-title  grid-item-title'><h4>Ligaturer- Jardin Japonais design Nicu Bocancea<\/h4><\/div><\/a><\/div><div class='lesson-grid-item grid-item lesson_educationgoal-coller lesson_educationgoal-nouer      lesson_type-gallerie-photos'><a href ='https:\/\/floreview.com\/fr\/lesson\/nouer-bouquet-de-mariee-design-jurgen-herold\/'><div class='lesson-item-fimg grid-item-fimg'><img loading=\"lazy\" decoding=\"async\" width=\"300\" height=\"225\" src=\"https:\/\/floreview.com\/wp-content\/uploads\/2025\/03\/Capture-decran-2025-03-11-a-16.23.07-300x225.png\" class=\"attachment-medium size-medium wp-post-image\" alt=\"\" \/><\/div><div class='lesson-item-title  grid-item-title'><h4>Nouer - Bouquet de mari\u00e9e design J\u00fcrgen Herold<\/h4><\/div><div class='lesson-item-descr  grid-item-descr'><p>Gallerie photos <\/p><\/div><\/a><\/div><div class='lesson-grid-item grid-item lesson_educationgoal-nouer      lesson_type-gallerie-photos'><a href ='https:\/\/floreview.com\/fr\/lesson\/rideau-de-fleurs-avec-le-principe-de-formation-de-noeuds\/'><div class='lesson-item-fimg grid-item-fimg'><img loading=\"lazy\" decoding=\"async\" width=\"300\" height=\"200\" src=\"https:\/\/floreview.com\/wp-content\/uploads\/2024\/02\/Guirlande-de-laine-FC@H4-Ch.Post_-300x200.jpg\" class=\"attachment-medium size-medium wp-post-image\" alt=\"\" \/><\/div><div class='lesson-item-title  grid-item-title'><h4>Rideau de fleurs avec le principe de formation de n\u0153uds<\/h4><\/div><div class='lesson-item-descr  grid-item-descr'><p>Gallerie photos <\/p><\/div><\/a><\/div><div class='lesson-grid-item grid-item lesson_educationgoal-coller lesson_educationgoal-entasser      '><a href ='https:\/\/floreview.com\/fr\/lesson\/sculpture-de-kalanchoe-entasser-et-coller-colle-froide\/'><div class='lesson-item-fimg grid-item-fimg'><img loading=\"lazy\" decoding=\"async\" width=\"300\" height=\"300\" src=\"https:\/\/floreview.com\/wp-content\/uploads\/2024\/04\/2020-Leaves-jpg_AOf_20200201_Kalanchoe-03511592774446991-300x300.jpg\" class=\"attachment-medium size-medium wp-post-image\" alt=\"\" \/><\/div><div class='lesson-item-title  grid-item-title'><h4>Sculpture de Kalanchoe - entasser et coller (colle froide)<\/h4><\/div><\/a><\/div><\/div><div class=\"loadMoreCont\"><a id=\"loadMore\">Voir plus<\/a><\/div>[\/et_pb_text][\/et_pb_column][\/et_pb_row][\/et_pb_section]<\/p>\n","protected":false},"excerpt":{"rendered":"<p>CoursD\u00e9couvrez ici les processus de cr\u00e9ation et les techniques florales, ou red\u00e9couvrez-les sous un nouvel angle. \u00c0 travers des photos, des vid\u00e9os ou des podcasts, nous vous partageons le savoir-faire [&hellip;]<\/p>\n","protected":false},"author":1,"featured_media":0,"parent":0,"menu_order":0,"comment_status":"closed","ping_status":"closed","template":"","meta":{"_acf_changed":false,"_et_pb_use_builder":"on","_et_pb_old_content":"","_et_gb_content_width":"","footnotes":""},"class_list":["post-4121","page","type-page","status-publish","hentry"],"acf":[],"yoast_head":"<!-- This site is optimized with the Yoast SEO plugin v27.0 - https:\/\/yoast.com\/product\/yoast-seo-wordpress\/ -->\n<title>Cours - Floreview<\/title>\n<meta name=\"robots\" content=\"index, follow, max-snippet:-1, max-image-preview:large, max-video-preview:-1\" \/>\n<link rel=\"canonical\" href=\"https:\/\/floreview.com\/fr\/cours\/\" \/>\n<meta property=\"og:locale\" content=\"fr_FR\" \/>\n<meta property=\"og:type\" content=\"article\" \/>\n<meta property=\"og:title\" content=\"Cours - Floreview\" \/>\n<meta property=\"og:description\" content=\"CoursD\u00e9couvrez ici les processus de cr\u00e9ation et les techniques florales, ou red\u00e9couvrez-les sous un nouvel angle. \u00c0 travers des photos, des vid\u00e9os ou des podcasts, nous vous partageons le savoir-faire [&hellip;]\" \/>\n<meta property=\"og:url\" content=\"https:\/\/floreview.com\/fr\/cours\/\" \/>\n<meta property=\"og:site_name\" content=\"Floreview\" \/>\n<meta property=\"article:modified_time\" content=\"2024-03-06T16:59:58+00:00\" \/>\n<meta name=\"twitter:card\" content=\"summary_large_image\" \/>\n<meta name=\"twitter:label1\" content=\"Dur\u00e9e de lecture estim\u00e9e\" \/>\n\t<meta name=\"twitter:data1\" content=\"1 minute\" \/>\n<script type=\"application\/ld+json\" class=\"yoast-schema-graph\">{\"@context\":\"https:\/\/schema.org\",\"@graph\":[{\"@type\":\"WebPage\",\"@id\":\"https:\/\/floreview.com\/fr\/cours\/\",\"url\":\"https:\/\/floreview.com\/fr\/cours\/\",\"name\":\"Cours - Floreview\",\"isPartOf\":{\"@id\":\"https:\/\/floreview.com\/fr\/#website\"},\"datePublished\":\"2024-02-02T14:55:19+00:00\",\"dateModified\":\"2024-03-06T16:59:58+00:00\",\"breadcrumb\":{\"@id\":\"https:\/\/floreview.com\/fr\/cours\/#breadcrumb\"},\"inLanguage\":\"fr-FR\",\"potentialAction\":[{\"@type\":\"ReadAction\",\"target\":[\"https:\/\/floreview.com\/fr\/cours\/\"]}]},{\"@type\":\"BreadcrumbList\",\"@id\":\"https:\/\/floreview.com\/fr\/cours\/#breadcrumb\",\"itemListElement\":[{\"@type\":\"ListItem\",\"position\":1,\"name\":\"Home\",\"item\":\"https:\/\/floreview.com\/fr\/accueil\/\"},{\"@type\":\"ListItem\",\"position\":2,\"name\":\"Cours\"}]},{\"@type\":\"WebSite\",\"@id\":\"https:\/\/floreview.com\/fr\/#website\",\"url\":\"https:\/\/floreview.com\/fr\/\",\"name\":\"Floreview\",\"description\":\"Tout pour un monde merveilleux et fleuri\",\"publisher\":{\"@id\":\"https:\/\/floreview.com\/fr\/#organization\"},\"potentialAction\":[{\"@type\":\"SearchAction\",\"target\":{\"@type\":\"EntryPoint\",\"urlTemplate\":\"https:\/\/floreview.com\/fr\/?s={search_term_string}\"},\"query-input\":{\"@type\":\"PropertyValueSpecification\",\"valueRequired\":true,\"valueName\":\"search_term_string\"}}],\"inLanguage\":\"fr-FR\"},{\"@type\":\"Organization\",\"@id\":\"https:\/\/floreview.com\/fr\/#organization\",\"name\":\"Floreview\",\"url\":\"https:\/\/floreview.com\/fr\/\",\"logo\":{\"@type\":\"ImageObject\",\"inLanguage\":\"fr-FR\",\"@id\":\"https:\/\/floreview.com\/fr\/#\/schema\/logo\/image\/\",\"url\":\"https:\/\/floreview.com\/wp-content\/uploads\/2024\/01\/floreview-logo.png\",\"contentUrl\":\"https:\/\/floreview.com\/wp-content\/uploads\/2024\/01\/floreview-logo.png\",\"width\":346,\"height\":102,\"caption\":\"Floreview\"},\"image\":{\"@id\":\"https:\/\/floreview.com\/fr\/#\/schema\/logo\/image\/\"}}]}<\/script>\n<!-- \/ Yoast SEO plugin. -->","yoast_head_json":{"title":"Cours - Floreview","robots":{"index":"index","follow":"follow","max-snippet":"max-snippet:-1","max-image-preview":"max-image-preview:large","max-video-preview":"max-video-preview:-1"},"canonical":"https:\/\/floreview.com\/fr\/cours\/","og_locale":"fr_FR","og_type":"article","og_title":"Cours - Floreview","og_description":"CoursD\u00e9couvrez ici les processus de cr\u00e9ation et les techniques florales, ou red\u00e9couvrez-les sous un nouvel angle. \u00c0 travers des photos, des vid\u00e9os ou des podcasts, nous vous partageons le savoir-faire [&hellip;]","og_url":"https:\/\/floreview.com\/fr\/cours\/","og_site_name":"Floreview","article_modified_time":"2024-03-06T16:59:58+00:00","twitter_card":"summary_large_image","twitter_misc":{"Dur\u00e9e de lecture estim\u00e9e":"1 minute"},"schema":{"@context":"https:\/\/schema.org","@graph":[{"@type":"WebPage","@id":"https:\/\/floreview.com\/fr\/cours\/","url":"https:\/\/floreview.com\/fr\/cours\/","name":"Cours - Floreview","isPartOf":{"@id":"https:\/\/floreview.com\/fr\/#website"},"datePublished":"2024-02-02T14:55:19+00:00","dateModified":"2024-03-06T16:59:58+00:00","breadcrumb":{"@id":"https:\/\/floreview.com\/fr\/cours\/#breadcrumb"},"inLanguage":"fr-FR","potentialAction":[{"@type":"ReadAction","target":["https:\/\/floreview.com\/fr\/cours\/"]}]},{"@type":"BreadcrumbList","@id":"https:\/\/floreview.com\/fr\/cours\/#breadcrumb","itemListElement":[{"@type":"ListItem","position":1,"name":"Home","item":"https:\/\/floreview.com\/fr\/accueil\/"},{"@type":"ListItem","position":2,"name":"Cours"}]},{"@type":"WebSite","@id":"https:\/\/floreview.com\/fr\/#website","url":"https:\/\/floreview.com\/fr\/","name":"Floreview","description":"Tout pour un monde merveilleux et fleuri","publisher":{"@id":"https:\/\/floreview.com\/fr\/#organization"},"potentialAction":[{"@type":"SearchAction","target":{"@type":"EntryPoint","urlTemplate":"https:\/\/floreview.com\/fr\/?s={search_term_string}"},"query-input":{"@type":"PropertyValueSpecification","valueRequired":true,"valueName":"search_term_string"}}],"inLanguage":"fr-FR"},{"@type":"Organization","@id":"https:\/\/floreview.com\/fr\/#organization","name":"Floreview","url":"https:\/\/floreview.com\/fr\/","logo":{"@type":"ImageObject","inLanguage":"fr-FR","@id":"https:\/\/floreview.com\/fr\/#\/schema\/logo\/image\/","url":"https:\/\/floreview.com\/wp-content\/uploads\/2024\/01\/floreview-logo.png","contentUrl":"https:\/\/floreview.com\/wp-content\/uploads\/2024\/01\/floreview-logo.png","width":346,"height":102,"caption":"Floreview"},"image":{"@id":"https:\/\/floreview.com\/fr\/#\/schema\/logo\/image\/"}}]}},"_links":{"self":[{"href":"https:\/\/floreview.com\/fr\/wp-json\/wp\/v2\/pages\/4121","targetHints":{"allow":["GET"]}}],"collection":[{"href":"https:\/\/floreview.com\/fr\/wp-json\/wp\/v2\/pages"}],"about":[{"href":"https:\/\/floreview.com\/fr\/wp-json\/wp\/v2\/types\/page"}],"author":[{"embeddable":true,"href":"https:\/\/floreview.com\/fr\/wp-json\/wp\/v2\/users\/1"}],"replies":[{"embeddable":true,"href":"https:\/\/floreview.com\/fr\/wp-json\/wp\/v2\/comments?post=4121"}],"version-history":[{"count":5,"href":"https:\/\/floreview.com\/fr\/wp-json\/wp\/v2\/pages\/4121\/revisions"}],"predecessor-version":[{"id":4267,"href":"https:\/\/floreview.com\/fr\/wp-json\/wp\/v2\/pages\/4121\/revisions\/4267"}],"wp:attachment":[{"href":"https:\/\/floreview.com\/fr\/wp-json\/wp\/v2\/media?parent=4121"}],"curies":[{"name":"wp","href":"https:\/\/api.w.org\/{rel}","templated":true}]}}